{"id":31,"date":"2017-08-28T10:28:33","date_gmt":"2017-08-28T10:28:33","guid":{"rendered":"http:\/\/svischach.v22014032089017552.yourvserver.net\/wordpress\/?page_id=31"},"modified":"2023-11-23T16:28:03","modified_gmt":"2023-11-23T16:28:03","slug":"links","status":"publish","type":"page","link":"https:\/\/svi-schach.net\/index.php\/links\/","title":{"rendered":"Links"},"content":{"rendered":"<div class=\"csc-header csc-header-n1\">\n<h1 class=\"csc-firstHeader\"><span style=\"font-size: 16px;\">Interessante Internetseiten\u00a0<\/span><\/h1>\n<\/div>\n<ul class=\"csc-bulletlist csc-bulletlist-0\">\n<li><a href=\"https:\/\/www.ligamanager.schachbund-bayern.de\/bsb\/ergebnisse\/spielplan.htm?ligaId=2228\" target=\"_blank\" rel=\"noopener\">Tabelle und Ligainformationen zur 1.Mannschaft SV Ilmm\u00fcnster<\/a><\/li>\n<li><a href=\"https:\/\/www.ligamanager.schachbund-bayern.de\/infs\/ergebnisse\/spielplan.htm?ligaId=2296\" target=\"_blank\" rel=\"noopener\">Tabelle und Ligainformationen zur 2.Mannschaft SV Ilmm\u00fcnster<\/a><\/li>\n<li><a href=\"https:\/\/www.ligamanager.schachbund-bayern.de\/infs\/ergebnisse\/spielplan.htm?ligaId=2294\" target=\"_blank\" rel=\"noopener\">Tabelle und Ligainformationen zur 3.Mannschaft SV Ilmm\u00fcnster<\/a><\/li>\n<li><a href=\"https:\/\/www.schachbund.de\/verein\/24128.html\" target=\"_blank\" rel=\"noopener\">DWZ Rangliste SV Ilmm\u00fcnster<\/a><\/li>\n<\/ul>\n<ul class=\"csc-bulletlist csc-bulletlist-0\">\n<li><a href=\"http:\/\/www.schachkreis-infs.de\/\" target=\"_blank\" rel=\"noopener\">Schachkreis Ingolstadt\/ Freising<\/a><\/li>\n<li class=\"odd\"><a href=\"http:\/\/www.schachbezirk-oberbayern.de\/\" target=\"_blank\" rel=\"noopener\">Schachbezirk Oberbayern<\/a><\/li>\n<li class=\"odd\"><a href=\"http:\/\/www.schachbund-bayern.de\/\" target=\"_blank\" rel=\"noopener\">Bayrischer Schachbund<\/a><\/li>\n<li class=\"even\"><a href=\"http:\/\/www.schachbund.de\/\" target=\"_blank\" rel=\"noopener\">Deutscher Schachbund<\/a><\/li>\n<\/ul>\n<ul class=\"csc-bulletlist csc-bulletlist-0\">\n<li><a href=\"http:\/\/schachbundesliga.de\/\" target=\"_blank\" rel=\"noopener\">Alle Informationen zur Schach-Bundesliga<\/a><\/li>\n<\/ul>\n<ul class=\"csc-bulletlist csc-bulletlist-0\">\n<li class=\"even\"><a href=\"http:\/\/www.chesspub.com\/\">Chess Publishing<\/a><\/li>\n<li class=\"odd\"><a href=\"http:\/\/www.chesstigers.de\/\" target=\"_blank\" rel=\"noopener\">Chess Tigers<\/a><\/li>\n<li class=\"even\"><a href=\"http:\/\/www.jbfsoftware.com\/\" target=\"_blank\" rel=\"noopener\">Sevillia and Montreux (PGN Viewer and Pairing)<\/a><\/li>\n<\/ul>\n","protected":false},"excerpt":{"rendered":"<p>Interessante Internetseiten\u00a0 Tabelle und Ligainformationen zur 1.Mannschaft SV Ilmm\u00fcnster Tabelle und Ligainformationen zur 2.Mannschaft SV Ilmm\u00fcnster Tabelle und Ligainformationen zur 3.Mannschaft SV Ilmm\u00fcnster DWZ Rangliste SV Ilmm\u00fcnster Schachkreis Ingolstadt\/ Freising Schachbezirk Oberbayern Bayrischer Schachbund Deutscher Schachbund Alle Informationen zur Schach-Bundesliga Chess Publishing Chess Tigers Sevillia and Montreux (PGN Viewer and Pairing)<\/p>\n","protected":false},"author":1,"featured_media":0,"parent":0,"menu_order":0,"comment_status":"closed","ping_status":"closed","template":"","meta":[],"_links":{"self":[{"href":"https:\/\/svi-schach.net\/index.php\/wp-json\/wp\/v2\/pages\/31"}],"collection":[{"href":"https:\/\/svi-schach.net\/index.php\/wp-json\/wp\/v2\/pages"}],"about":[{"href":"https:\/\/svi-schach.net\/index.php\/wp-json\/wp\/v2\/types\/page"}],"author":[{"embeddable":true,"href":"https:\/\/svi-schach.net\/index.php\/wp-json\/wp\/v2\/users\/1"}],"replies":[{"embeddable":true,"href":"https:\/\/svi-schach.net\/index.php\/wp-json\/wp\/v2\/comments?post=31"}],"version-history":[{"count":18,"href":"https:\/\/svi-schach.net\/index.php\/wp-json\/wp\/v2\/pages\/31\/revisions"}],"predecessor-version":[{"id":924,"href":"https:\/\/svi-schach.net\/index.php\/wp-json\/wp\/v2\/pages\/31\/revisions\/924"}],"wp:attachment":[{"href":"https:\/\/svi-schach.net\/index.php\/wp-json\/wp\/v2\/media?parent=31"}],"curies":[{"name":"wp","href":"https:\/\/api.w.org\/{rel}","templated":true}]}}